{"id":11,"date":"2017-07-03T15:48:28","date_gmt":"2017-07-03T15:48:28","guid":{"rendered":"http:\/\/www.baraoecosta.pt\/web\/?page_id=11"},"modified":"2018-04-08T19:08:29","modified_gmt":"2018-04-08T19:08:29","slug":"empresa","status":"publish","type":"page","link":"https:\/\/www.baraoecosta.pt\/web\/empresa\/","title":{"rendered":"Empresa"},"content":{"rendered":"<div id=\"pl-11\"  class=\"panel-layout\" ><div id=\"pg-11-0\"  class=\"panel-grid panel-has-style\" ><div class=\"siteorigin-panels-stretch panel-row-style panel-row-style-for-11-0\" data-stretch-type=\"full-stretched\" ><div id=\"pgc-11-0-0\"  class=\"panel-grid-cell\" ><div id=\"panel-11-0-0-0\" class=\"so-panel widget widget_sow-image panel-first-child panel-last-child\" data-index=\"0\" ><div\n\t\t\t\n\t\t\tclass=\"so-widget-sow-image so-widget-sow-image-default-8b5b6f678277-11\"\n\t\t\t\n\t\t>\n<div class=\"sow-image-container\">\n\t\t<img \n\tsrc=\"https:\/\/www.baraoecosta.pt\/web\/wp-content\/uploads\/2018\/04\/Banner_BaraoeCosta.jpg\" width=\"1903\" height=\"545\" srcset=\"https:\/\/www.baraoecosta.pt\/web\/wp-content\/uploads\/2018\/04\/Banner_BaraoeCosta.jpg 1903w, https:\/\/www.baraoecosta.pt\/web\/wp-content\/uploads\/2018\/04\/Banner_BaraoeCosta-300x86.jpg 300w, https:\/\/www.baraoecosta.pt\/web\/wp-content\/uploads\/2018\/04\/Banner_BaraoeCosta-768x220.jpg 768w, https:\/\/www.baraoecosta.pt\/web\/wp-content\/uploads\/2018\/04\/Banner_BaraoeCosta-1024x293.jpg 1024w\" sizes=\"(max-width: 1903px) 100vw, 1903px\" alt=\"\" \t\tclass=\"so-widget-image\"\/>\n\t<\/div>\n\n<\/div><\/div><\/div><\/div><\/div><div id=\"pg-11-1\"  class=\"panel-grid panel-has-style\" ><div class=\"panel-row-style panel-row-style-for-11-1\" ><div id=\"pgc-11-1-0\"  class=\"panel-grid-cell\" ><div id=\"panel-11-1-0-0\" class=\"so-panel widget widget_sow-editor panel-first-child panel-last-child\" data-index=\"1\" ><div\n\t\t\t\n\t\t\tclass=\"so-widget-sow-editor so-widget-sow-editor-base\"\n\t\t\t\n\t\t>\n<div class=\"siteorigin-widget-tinymce textwidget\">\n\t<h1><em><strong>QUEM SOMOS<\/strong><\/em><\/h1>\n<hr \/>\n<\/div>\n<\/div><\/div><\/div><\/div><\/div><div id=\"pg-11-2\"  class=\"panel-grid panel-has-style\" ><div class=\"panel-row-style panel-row-style-for-11-2\" ><div id=\"pgc-11-2-0\"  class=\"panel-grid-cell\" ><div id=\"panel-11-2-0-0\" class=\"so-panel widget widget_sow-editor panel-first-child panel-last-child\" data-index=\"2\" ><div\n\t\t\t\n\t\t\tclass=\"so-widget-sow-editor so-widget-sow-editor-base\"\n\t\t\t\n\t\t>\n<div class=\"siteorigin-widget-tinymce textwidget\">\n\t<blockquote>\n<p><strong>Bar\u00e3o &amp; Costa, Lda. foi fundada em 1 de Maio de 1976 pelo Sr. Ant\u00f3nio Assun\u00e7\u00e3o Bar\u00e3o, o qual ainda hoje \u00e9 um dos seus gerentes, e o seu objecto social \u00e9 o com\u00e9rcio de ferragens, ferramentas e materiais de constru\u00e7\u00e3o.<\/strong><\/p>\n<\/blockquote>\n<p><em>O seu primeiro estabelecimento comercial foi na Rua 1\u00ba de Maio, n\u00ba 56, Baixa da Banheira, e tinha uma \u00e1rea de aproximadamente 100 m2 e 4 funcion\u00e1rios. O conceito comercial era o da tradicional drogaria.<\/em><\/p>\n<p><em>Devido ao seu r\u00e1pido crescimento, em 1984 a empresa mudou as suas instala\u00e7\u00f5es comerciais para a Rua Padre Jos\u00e9 Feliciano, n\u00ba 63, Baixa da Banheira, as quais tinham uma \u00e1rea de aproximadamente 400 m2 e j\u00e1 funcionava em sistema de auto-servi\u00e7o.<\/em><\/p>\n<p><em>Para al\u00e9m desta mudan\u00e7a foi tamb\u00e9m adquirido um im\u00f3vel na Rua do Alentejo, n\u00ba 12, Baixa da Banheira, com uma \u00e1rea de cerca de 500 m2, com o objectivo da armazenagem e venda de materiais de constru\u00e7\u00e3o mais pesados como o ferro. Por esta altura a empresa j\u00e1 empregava 15 trabalhadores.<\/em><\/p>\n<p>&nbsp;<\/p>\n<\/div>\n<\/div><\/div><\/div><div id=\"pgc-11-2-1\"  class=\"panel-grid-cell\" ><div id=\"panel-11-2-1-0\" class=\"so-panel widget widget_sow-editor panel-first-child panel-last-child\" data-index=\"3\" ><div\n\t\t\t\n\t\t\tclass=\"so-widget-sow-editor so-widget-sow-editor-base\"\n\t\t\t\n\t\t>\n<div class=\"siteorigin-widget-tinymce textwidget\">\n\t<p><em>Em 1997, devido ao crescente aumento da sua actividade, a sociedade viu-se novamente for\u00e7ada a mudar de instala\u00e7\u00f5es tendo aberto um novo espa\u00e7o comercial na Rua 1\u00ba de Maio, 104, B \u2013 D, Baixa da Banheira, o qual dispunha de uma superf\u00edcie com cerca de 2.000 m2 em sistema de auto-servi\u00e7o e 30 funcion\u00e1rios.<\/em><\/p>\n<p><em>Em simult\u00e2neo, foi aberto um novo armaz\u00e9m na Estrada Nacional 11, 302 \u2013 B, Baixa da Banheira, com uma \u00e1rea de 3.600 m2, o qual veio substituir o existente na Rua do Alentejo, o que permitiu o alargamento da oferta de materiais de constru\u00e7\u00e3o.<\/em><\/p>\n<p><em>Finalmente, com a necessidade de adequar a empresa com as condi\u00e7\u00f5es necess\u00e1rias aos novos desafios do mercado, foram inauguradas em 14 de Fevereiro de 2008 as novas instala\u00e7\u00f5es da empresa, sitas na Estrada Nacional 11, 308, Baixa da Banheira, com uma \u00e1rea de aproximadamente 7.500 m2 e cerca de 40 colaboradores.<\/em><\/p>\n<p><em>Simultaneamente, a gama de oferta de produtos tamb\u00e9m foi alargada com a cria\u00e7\u00e3o de novas sec\u00e7\u00f5es dedicadas aos artigos de decora\u00e7\u00e3o, jardim e bricolage.<\/em><\/p>\n<\/div>\n<\/div><\/div><\/div><\/div><\/div><div id=\"pg-11-3\"  class=\"panel-grid panel-has-style\" ><div class=\"siteorigin-panels-stretch panel-row-style panel-row-style-for-11-3\" data-stretch-type=\"full-stretched\" ><div id=\"pgc-11-3-0\"  class=\"panel-grid-cell\" ><div id=\"panel-11-3-0-0\" class=\"so-panel widget widget_sow-image panel-first-child panel-last-child\" data-index=\"4\" ><div class=\"panel-widget-style panel-widget-style-for-11-3-0-0\" ><div\n\t\t\t\n\t\t\tclass=\"so-widget-sow-image so-widget-sow-image-default-dbf295114b96-11\"\n\t\t\t\n\t\t>\n<div class=\"sow-image-container\">\n\t\t<img loading=\"lazy\" \n\tsrc=\"https:\/\/www.baraoecosta.pt\/web\/wp-content\/uploads\/2018\/04\/DSC02721.jpg\" width=\"1200\" height=\"800\" srcset=\"https:\/\/www.baraoecosta.pt\/web\/wp-content\/uploads\/2018\/04\/DSC02721.jpg 1200w, https:\/\/www.baraoecosta.pt\/web\/wp-content\/uploads\/2018\/04\/DSC02721-300x200.jpg 300w, https:\/\/www.baraoecosta.pt\/web\/wp-content\/uploads\/2018\/04\/DSC02721-768x512.jpg 768w, https:\/\/www.baraoecosta.pt\/web\/wp-content\/uploads\/2018\/04\/DSC02721-1024x683.jpg 1024w, https:\/\/www.baraoecosta.pt\/web\/wp-content\/uploads\/2018\/04\/DSC02721-272x182.jpg 272w\" sizes=\"(max-width: 1200px) 100vw, 1200px\" title=\"SONY DSC\" alt=\"\" \t\tclass=\"so-widget-image\"\/>\n\t<\/div>\n\n<\/div><\/div><\/div><\/div><div id=\"pgc-11-3-1\"  class=\"panel-grid-cell\" ><div id=\"panel-11-3-1-0\" class=\"so-panel widget widget_sow-image panel-first-child panel-last-child\" data-index=\"5\" ><div class=\"panel-widget-style panel-widget-style-for-11-3-1-0\" ><div\n\t\t\t\n\t\t\tclass=\"so-widget-sow-image so-widget-sow-image-default-dbf295114b96-11\"\n\t\t\t\n\t\t>\n<div class=\"sow-image-container\">\n\t\t<img loading=\"lazy\" \n\tsrc=\"https:\/\/www.baraoecosta.pt\/web\/wp-content\/uploads\/2018\/04\/DSC_2050_site.jpg\" width=\"1200\" height=\"800\" srcset=\"https:\/\/www.baraoecosta.pt\/web\/wp-content\/uploads\/2018\/04\/DSC_2050_site.jpg 1200w, https:\/\/www.baraoecosta.pt\/web\/wp-content\/uploads\/2018\/04\/DSC_2050_site-300x200.jpg 300w, https:\/\/www.baraoecosta.pt\/web\/wp-content\/uploads\/2018\/04\/DSC_2050_site-768x512.jpg 768w, https:\/\/www.baraoecosta.pt\/web\/wp-content\/uploads\/2018\/04\/DSC_2050_site-1024x683.jpg 1024w, https:\/\/www.baraoecosta.pt\/web\/wp-content\/uploads\/2018\/04\/DSC_2050_site-272x182.jpg 272w\" sizes=\"(max-width: 1200px) 100vw, 1200px\" alt=\"\" \t\tclass=\"so-widget-image\"\/>\n\t<\/div>\n\n<\/div><\/div><\/div><\/div><div id=\"pgc-11-3-2\"  class=\"panel-grid-cell\" ><div id=\"panel-11-3-2-0\" class=\"so-panel widget widget_sow-image panel-first-child panel-last-child\" data-index=\"6\" ><div class=\"panel-widget-style panel-widget-style-for-11-3-2-0\" ><div\n\t\t\t\n\t\t\tclass=\"so-widget-sow-image so-widget-sow-image-default-dbf295114b96-11\"\n\t\t\t\n\t\t>\n<div class=\"sow-image-container\">\n\t\t<img loading=\"lazy\" \n\tsrc=\"https:\/\/www.baraoecosta.pt\/web\/wp-content\/uploads\/2018\/04\/DSC_1960_site.jpg\" width=\"1200\" height=\"800\" srcset=\"https:\/\/www.baraoecosta.pt\/web\/wp-content\/uploads\/2018\/04\/DSC_1960_site.jpg 1200w, https:\/\/www.baraoecosta.pt\/web\/wp-content\/uploads\/2018\/04\/DSC_1960_site-300x200.jpg 300w, https:\/\/www.baraoecosta.pt\/web\/wp-content\/uploads\/2018\/04\/DSC_1960_site-768x512.jpg 768w, https:\/\/www.baraoecosta.pt\/web\/wp-content\/uploads\/2018\/04\/DSC_1960_site-1024x683.jpg 1024w, https:\/\/www.baraoecosta.pt\/web\/wp-content\/uploads\/2018\/04\/DSC_1960_site-272x182.jpg 272w\" sizes=\"(max-width: 1200px) 100vw, 1200px\" alt=\"\" \t\tclass=\"so-widget-image\"\/>\n\t<\/div>\n\n<\/div><\/div><\/div><\/div><div id=\"pgc-11-3-3\"  class=\"panel-grid-cell\" ><div id=\"panel-11-3-3-0\" class=\"so-panel widget widget_sow-image panel-first-child panel-last-child\" data-index=\"7\" ><div class=\"panel-widget-style panel-widget-style-for-11-3-3-0\" ><div\n\t\t\t\n\t\t\tclass=\"so-widget-sow-image so-widget-sow-image-default-dbf295114b96-11\"\n\t\t\t\n\t\t>\n<div class=\"sow-image-container\">\n\t\t<img loading=\"lazy\" \n\tsrc=\"https:\/\/www.baraoecosta.pt\/web\/wp-content\/uploads\/2018\/04\/DSC_1856_site.jpg\" width=\"1200\" height=\"803\" srcset=\"https:\/\/www.baraoecosta.pt\/web\/wp-content\/uploads\/2018\/04\/DSC_1856_site.jpg 1200w, https:\/\/www.baraoecosta.pt\/web\/wp-content\/uploads\/2018\/04\/DSC_1856_site-300x201.jpg 300w, https:\/\/www.baraoecosta.pt\/web\/wp-content\/uploads\/2018\/04\/DSC_1856_site-768x514.jpg 768w, https:\/\/www.baraoecosta.pt\/web\/wp-content\/uploads\/2018\/04\/DSC_1856_site-1024x685.jpg 1024w, https:\/\/www.baraoecosta.pt\/web\/wp-content\/uploads\/2018\/04\/DSC_1856_site-272x182.jpg 272w\" sizes=\"(max-width: 1200px) 100vw, 1200px\" alt=\"\" \t\tclass=\"so-widget-image\"\/>\n\t<\/div>\n\n<\/div><\/div><\/div><\/div><\/div><\/div><div id=\"pg-11-4\"  class=\"panel-grid panel-has-style\" ><div class=\"panel-row-style panel-row-style-for-11-4\" ><div id=\"pgc-11-4-0\"  class=\"panel-grid-cell\" ><div id=\"panel-11-4-0-0\" class=\"so-panel widget widget_sow-editor panel-first-child panel-last-child\" data-index=\"8\" ><div\n\t\t\t\n\t\t\tclass=\"so-widget-sow-editor so-widget-sow-editor-base\"\n\t\t\t\n\t\t>\n<div class=\"siteorigin-widget-tinymce textwidget\">\n\t<h1><em><strong>Equipa e Organiza\u00e7\u00e3o<br \/><\/strong><\/em><\/h1>\n<hr \/>\n<\/div>\n<\/div><\/div><\/div><\/div><\/div><div id=\"pg-11-5\"  class=\"panel-grid panel-has-style\" ><div class=\"panel-row-style panel-row-style-for-11-5\" ><div id=\"pgc-11-5-0\"  class=\"panel-grid-cell\" ><div id=\"panel-11-5-0-0\" class=\"so-panel widget widget_sow-editor panel-first-child\" data-index=\"9\" ><div class=\"panel-widget-style panel-widget-style-for-11-5-0-0\" ><div\n\t\t\t\n\t\t\tclass=\"so-widget-sow-editor so-widget-sow-editor-base\"\n\t\t\t\n\t\t>\n<div class=\"siteorigin-widget-tinymce textwidget\">\n\t<blockquote>\n<p><strong><em>A Bar\u00e3o &amp; Costa considera como um factor cr\u00edtico do seu sucesso a proximidade \u00e0 comunidade e realidade local, pelo que privilegia o relacionamento profissional directo dos seus colaboradores com os clientes.<\/em><\/strong><\/p>\n<\/blockquote>\n<p><em>Assim, a nossa equipa a todos os n\u00edveis da organiza\u00e7\u00e3o encontra-se diariamente ao dispor de todos os que nos visitam.<\/em><\/p>\n<\/div>\n<\/div><\/div><\/div><div id=\"panel-11-5-0-1\" class=\"so-panel widget widget_sow-button panel-last-child\" data-index=\"10\" ><div class=\"panel-widget-style panel-widget-style-for-11-5-0-1\" ><div\n\t\t\t\n\t\t\tclass=\"so-widget-sow-button so-widget-sow-button-flat-35a350a20d3c-11\"\n\t\t\t\n\t\t><div class=\"ow-button-base ow-button-align-left\"\n>\n\t\t\t<a\n\t\t\t\t\thref=\"https:\/\/www.baraoecosta.pt\/web\/recursos-humanos\/\"\n\t\t\t\t\tclass=\"sowb-button ow-icon-placement-left ow-button-hover\" \t>\n\t\t<span>\n\t\t\t<span class=\"sow-icon-fontawesome sow-fas\" data-sow-icon=\"&#xf0c0;\"\n\t\tstyle=\"\" \n\t\taria-hidden=\"true\"><\/span>\n\t\t\tRecursos Humanos\t\t<\/span>\n\t\t\t<\/a>\n\t<\/div>\n<\/div><\/div><\/div><\/div><div id=\"pgc-11-5-1\"  class=\"panel-grid-cell\" ><div id=\"panel-11-5-1-0\" class=\"so-panel widget widget_sow-editor panel-first-child panel-last-child\" data-index=\"11\" ><div\n\t\t\t\n\t\t\tclass=\"so-widget-sow-editor so-widget-sow-editor-base\"\n\t\t\t\n\t\t>\n<div class=\"siteorigin-widget-tinymce textwidget\">\n\t<p><img fetchpriority=\"high\" fetchpriority=\"high\" decoding=\"async\" class=\"aligncenter wp-image-822\" src=\"http:\/\/www.baraoecosta.pt\/web\/wp-content\/uploads\/2018\/04\/fotolia_198827402-300x200.jpg\" alt=\"\" width=\"400\" height=\"267\" srcset=\"https:\/\/www.baraoecosta.pt\/web\/wp-content\/uploads\/2018\/04\/fotolia_198827402-300x200.jpg 300w, https:\/\/www.baraoecosta.pt\/web\/wp-content\/uploads\/2018\/04\/fotolia_198827402-272x182.jpg 272w, https:\/\/www.baraoecosta.pt\/web\/wp-content\/uploads\/2018\/04\/fotolia_198827402.jpg 500w\" sizes=\"(max-width: 400px) 100vw, 400px\" \/><\/p>\n<\/div>\n<\/div><\/div><\/div><\/div><\/div><div id=\"pg-11-6\"  class=\"panel-grid panel-has-style\" ><div class=\"panel-row-style panel-row-style-for-11-6\" ><div id=\"pgc-11-6-0\"  class=\"panel-grid-cell\" ><div id=\"panel-11-6-0-0\" class=\"so-panel widget widget_sow-editor panel-first-child panel-last-child\" data-index=\"12\" ><div\n\t\t\t\n\t\t\tclass=\"so-widget-sow-editor so-widget-sow-editor-base\"\n\t\t\t\n\t\t>\n<div class=\"siteorigin-widget-tinymce textwidget\">\n\t<hr \/>\n<\/div>\n<\/div><\/div><\/div><\/div><\/div><div id=\"pg-11-7\"  class=\"panel-grid panel-has-style\" ><div class=\"panel-row-style panel-row-style-for-11-7\" ><div id=\"pgc-11-7-0\"  class=\"panel-grid-cell\" ><div id=\"panel-11-7-0-0\" class=\"so-panel widget widget_sow-editor panel-first-child panel-last-child\" data-index=\"13\" ><div class=\"panel-widget-style panel-widget-style-for-11-7-0-0\" ><div\n\t\t\t\n\t\t\tclass=\"so-widget-sow-editor so-widget-sow-editor-base\"\n\t\t\t\n\t\t>\n<div class=\"siteorigin-widget-tinymce textwidget\">\n\t<h1><strong><em>Miss\u00e3o &amp; Objetivos<\/em><\/strong><\/h1>\n<blockquote>\n<p><em><strong>A Bar\u00e3o &amp; Costa aspira \u00e0 excel\u00eancia da qualidade da constru\u00e7\u00e3o e consequentemente da qualidade de vida das pessoas.<\/strong><\/em><\/p>\n<\/blockquote>\n<p><em>Para isso, procura a satisfa\u00e7\u00e3o de todas as necessidades dos seus clientes atrav\u00e9s da oferta de uma grande diversidade de produtos da melhor qualidade e um atendimento profissional personalizado e altamente especializado, acompanhado por um amplo conjunto de servi\u00e7os complementares.<\/em><\/p>\n<p><em>Na nossa loja pode encontrar tudo o que necessita para a constru\u00e7\u00e3o, decora\u00e7\u00e3o, jardinagem e bricolage tendo sempre como objectivo principal e fundamental a satisfa\u00e7\u00e3o do cliente.<\/em><\/p>\n<\/div>\n<\/div><\/div><\/div><\/div><div id=\"pgc-11-7-1\"  class=\"panel-grid-cell\" ><div id=\"panel-11-7-1-0\" class=\"so-panel widget widget_sow-editor panel-first-child panel-last-child\" data-index=\"14\" ><div\n\t\t\t\n\t\t\tclass=\"so-widget-sow-editor so-widget-sow-editor-base\"\n\t\t\t\n\t\t>\n<div class=\"siteorigin-widget-tinymce textwidget\">\n\t<p><img decoding=\"async\" class=\"aligncenter wp-image-977\" src=\"http:\/\/www.baraoecosta.pt\/web\/wp-content\/uploads\/2018\/04\/CCF09022017_00000.jpg\" alt=\"\" width=\"280\" height=\"400\" srcset=\"https:\/\/www.baraoecosta.pt\/web\/wp-content\/uploads\/2018\/04\/CCF09022017_00000.jpg 538w, https:\/\/www.baraoecosta.pt\/web\/wp-content\/uploads\/2018\/04\/CCF09022017_00000-210x300.jpg 210w\" sizes=\"(max-width: 280px) 100vw, 280px\" \/><\/p>\n<\/div>\n<\/div><\/div><\/div><\/div><\/div><div id=\"pg-11-8\"  class=\"panel-grid panel-has-style\" ><div class=\"panel-row-style panel-row-style-for-11-8\" ><div id=\"pgc-11-8-0\"  class=\"panel-grid-cell\" ><div id=\"panel-11-8-0-0\" class=\"so-panel widget widget_sow-editor panel-first-child panel-last-child\" data-index=\"15\" ><div\n\t\t\t\n\t\t\tclass=\"so-widget-sow-editor so-widget-sow-editor-base\"\n\t\t\t\n\t\t>\n<div class=\"siteorigin-widget-tinymce textwidget\">\n\t<hr \/>\n<\/div>\n<\/div><\/div><\/div><\/div><\/div><div id=\"pg-11-9\"  class=\"panel-grid panel-has-style\" ><div class=\"panel-row-style panel-row-style-for-11-9\" ><div id=\"pgc-11-9-0\"  class=\"panel-grid-cell panel-grid-cell-mobile-last\" ><div id=\"panel-11-9-0-0\" class=\"so-panel widget widget_sow-editor panel-first-child panel-last-child\" data-index=\"16\" ><div class=\"panel-widget-style panel-widget-style-for-11-9-0-0\" ><div\n\t\t\t\n\t\t\tclass=\"so-widget-sow-editor so-widget-sow-editor-base\"\n\t\t\t\n\t\t>\n<div class=\"siteorigin-widget-tinymce textwidget\">\n\t<h1><strong><em>Imprensa<\/em><\/strong><\/h1>\n<ul>\n<li class=\"entry-title\"><a href=\"https:\/\/www.diariodaregiao.pt\/2017\/12\/05\/500-maiores-barao-costa-alcanca-um-crescimento-de-quase-6-num-ano\/\" target=\"_blank\" rel=\"noopener\"><em>- 500 MAIORES | Bar\u00e3o &amp; Costa alcan\u00e7a um crescimento de quase 6% num ano<br \/><\/em><\/a><\/li>\n<li><a href=\"http:\/\/www.phc.pt\/portal\/e\/Tcasebaraocosta.aspx\" target=\"_blank\" rel=\"noopener\"><em>- Bar\u00e3o &amp; Costa faz aposta na gest\u00e3o dos seus ativos<br \/><\/em><\/a><\/li>\n<li><a href=\"https:\/\/www.rostos.pt\/edicoes\/noticia\/pdf\/noticia74.pdf\" target=\"_blank\" rel=\"noopener\"><em>- Medalha de M\u00e9rito Econ\u00f3mico e Social<\/em><\/a><\/li>\n<\/ul>\n<\/div>\n<\/div><\/div><\/div><\/div><div id=\"pgc-11-9-1\"  class=\"panel-grid-cell panel-grid-cell-empty\" ><\/div><\/div><\/div><div id=\"pg-11-10\"  class=\"panel-grid panel-has-style\" ><div class=\"panel-row-style panel-row-style-for-11-10\" ><div id=\"pgc-11-10-0\"  class=\"panel-grid-cell\" ><div id=\"panel-11-10-0-0\" class=\"so-panel widget widget_sow-editor panel-first-child panel-last-child\" data-index=\"17\" ><div\n\t\t\t\n\t\t\tclass=\"so-widget-sow-editor so-widget-sow-editor-base\"\n\t\t\t\n\t\t>\n<div class=\"siteorigin-widget-tinymce textwidget\">\n\t<hr \/>\n<\/div>\n<\/div><\/div><\/div><\/div><\/div><\/div>","protected":false},"excerpt":{"rendered":"<p>QUEM SOMOS<\/p>\n","protected":false},"author":1,"featured_media":0,"parent":0,"menu_order":0,"comment_status":"closed","ping_status":"closed","template":"","meta":{"generate_page_header":"","footnotes":""},"class_list":["post-11","page","type-page","status-publish"],"_links":{"self":[{"href":"https:\/\/www.baraoecosta.pt\/web\/wp-json\/wp\/v2\/pages\/11","targetHints":{"allow":["GET"]}}],"collection":[{"href":"https:\/\/www.baraoecosta.pt\/web\/wp-json\/wp\/v2\/pages"}],"about":[{"href":"https:\/\/www.baraoecosta.pt\/web\/wp-json\/wp\/v2\/types\/page"}],"author":[{"embeddable":true,"href":"https:\/\/www.baraoecosta.pt\/web\/wp-json\/wp\/v2\/users\/1"}],"replies":[{"embeddable":true,"href":"https:\/\/www.baraoecosta.pt\/web\/wp-json\/wp\/v2\/comments?post=11"}],"version-history":[{"count":112,"href":"https:\/\/www.baraoecosta.pt\/web\/wp-json\/wp\/v2\/pages\/11\/revisions"}],"predecessor-version":[{"id":1117,"href":"https:\/\/www.baraoecosta.pt\/web\/wp-json\/wp\/v2\/pages\/11\/revisions\/1117"}],"wp:attachment":[{"href":"https:\/\/www.baraoecosta.pt\/web\/wp-json\/wp\/v2\/media?parent=11"}],"curies":[{"name":"wp","href":"https:\/\/api.w.org\/{rel}","templated":true}]}}