{"id":14,"date":"2017-07-03T15:49:45","date_gmt":"2017-07-03T15:49:45","guid":{"rendered":"http:\/\/www.baraoecosta.pt\/web\/?page_id=14"},"modified":"2026-04-06T16:17:57","modified_gmt":"2026-04-06T16:17:57","slug":"loja","status":"publish","type":"page","link":"https:\/\/www.baraoecosta.pt\/web\/loja\/","title":{"rendered":"Loja"},"content":{"rendered":"<div id=\"pl-14\"  class=\"panel-layout\" ><div id=\"pg-14-0\"  class=\"panel-grid panel-has-style\" ><div class=\"siteorigin-panels-stretch panel-row-style panel-row-style-for-14-0\" data-stretch-type=\"full-width-stretch\" ><div id=\"pgc-14-0-0\"  class=\"panel-grid-cell\" ><div id=\"panel-14-0-0-0\" class=\"so-panel widget widget_sow-image panel-first-child panel-last-child\" data-index=\"0\" ><div\n\t\t\t\n\t\t\tclass=\"so-widget-sow-image so-widget-sow-image-default-8b5b6f678277-14\"\n\t\t\t\n\t\t>\n<div class=\"sow-image-container\">\n\t\t<img fetchpriority=\"high\" \n\tsrc=\"https:\/\/www.baraoecosta.pt\/web\/wp-content\/uploads\/2018\/06\/Banner_BaraoeCosta_Empresa.jpg\" width=\"1903\" height=\"545\" srcset=\"https:\/\/www.baraoecosta.pt\/web\/wp-content\/uploads\/2018\/06\/Banner_BaraoeCosta_Empresa.jpg 1903w, https:\/\/www.baraoecosta.pt\/web\/wp-content\/uploads\/2018\/06\/Banner_BaraoeCosta_Empresa-300x86.jpg 300w, https:\/\/www.baraoecosta.pt\/web\/wp-content\/uploads\/2018\/06\/Banner_BaraoeCosta_Empresa-768x220.jpg 768w, https:\/\/www.baraoecosta.pt\/web\/wp-content\/uploads\/2018\/06\/Banner_BaraoeCosta_Empresa-1024x293.jpg 1024w\" sizes=\"(max-width: 1903px) 100vw, 1903px\" alt=\"\" \t\tclass=\"so-widget-image\"\/>\n\t<\/div>\n\n<\/div><\/div><\/div><\/div><\/div><div id=\"pg-14-1\"  class=\"panel-grid panel-has-style\" ><div class=\"panel-row-style panel-row-style-for-14-1\" ><div id=\"pgc-14-1-0\"  class=\"panel-grid-cell\" ><div id=\"panel-14-1-0-0\" class=\"so-panel widget widget_sow-editor panel-first-child panel-last-child\" data-index=\"1\" ><div\n\t\t\t\n\t\t\tclass=\"so-widget-sow-editor so-widget-sow-editor-base\"\n\t\t\t\n\t\t>\n<div class=\"siteorigin-widget-tinymce textwidget\">\n\t<h1><em><strong>LOJA<\/strong><\/em><\/h1>\n<hr \/>\n<\/div>\n<\/div><\/div><\/div><\/div><\/div><div id=\"pg-14-2\"  class=\"panel-grid panel-has-style\" ><div class=\"panel-row-style panel-row-style-for-14-2\" ><div id=\"pgc-14-2-0\"  class=\"panel-grid-cell\" ><div id=\"panel-14-2-0-0\" class=\"so-panel widget widget_sow-editor panel-first-child panel-last-child\" data-index=\"2\" ><div\n\t\t\t\n\t\t\tclass=\"so-widget-sow-editor so-widget-sow-editor-base\"\n\t\t\t\n\t\t>\n<div class=\"siteorigin-widget-tinymce textwidget\">\n\t<blockquote>\n<p><strong>A Bar\u00e3o &amp; Costa situa-se na Estrada Nacional 11, 308, implantada em plena zona comercial da Baixa da Banheira num espa\u00e7o com cerca de 7.500 m2 dispondo de 77 lugares de estacionamento.<\/strong><\/p>\n<\/blockquote>\n<\/div>\n<\/div><\/div><\/div><div id=\"pgc-14-2-1\"  class=\"panel-grid-cell\" ><div id=\"panel-14-2-1-0\" class=\"so-panel widget widget_sow-editor panel-first-child panel-last-child\" data-index=\"3\" ><div\n\t\t\t\n\t\t\tclass=\"so-widget-sow-editor so-widget-sow-editor-base\"\n\t\t\t\n\t\t>\n<div class=\"siteorigin-widget-tinymce textwidget\">\n\t<p>O nosso conceito de loja \u00e9 original e inovador apresentando num mesmo espa\u00e7o duas \u00e1reas distintas, mas interligadas, cada uma com a sua voca\u00e7\u00e3o: uma denominada como \"Loja\" funcionando em sistema de auto-servi\u00e7o direccionada para a venda a retalho e outra apelidada de \"Armaz\u00e9m\" destinada ao com\u00e9rcio dos materiais de constru\u00e7\u00e3o mais pesados.<\/p>\n<\/div>\n<\/div><\/div><\/div><\/div><\/div><div id=\"pg-14-3\"  class=\"panel-grid panel-has-style\" ><div class=\"panel-row-style panel-row-style-for-14-3\" ><div id=\"pgc-14-3-0\"  class=\"panel-grid-cell\" ><div id=\"panel-14-3-0-0\" class=\"so-panel widget widget_sow-editor panel-first-child panel-last-child\" data-index=\"4\" ><div\n\t\t\t\n\t\t\tclass=\"so-widget-sow-editor so-widget-sow-editor-base\"\n\t\t\t\n\t\t>\n<div class=\"siteorigin-widget-tinymce textwidget\">\n\t<hr \/>\n<\/div>\n<\/div><\/div><\/div><\/div><\/div><div id=\"pg-14-4\"  class=\"panel-grid panel-has-style\" ><div class=\"panel-row-style panel-row-style-for-14-4\" ><div id=\"pgc-14-4-0\"  class=\"panel-grid-cell\" ><div id=\"panel-14-4-0-0\" class=\"so-panel widget widget_sow-icon panel-first-child\" data-index=\"5\" ><div\n\t\t\t\n\t\t\tclass=\"so-widget-sow-icon so-widget-sow-icon-default-3e1f08dcc558-14\"\n\t\t\t\n\t\t>\n<div class=\"sow-icon-container sow-icon\">\n\t\t\t<span class=\"sow-icon-fontawesome sow-fas\" data-sow-icon=\"&#xf0e0;\"\n\t\t \n\t\taria-hidden=\"true\"><\/span>\t<\/div>\n<\/div><\/div><div id=\"panel-14-4-0-1\" class=\"so-panel widget widget_sow-editor panel-last-child\" data-index=\"6\" ><div\n\t\t\t\n\t\t\tclass=\"so-widget-sow-editor so-widget-sow-editor-base\"\n\t\t\t\n\t\t>\n<div class=\"siteorigin-widget-tinymce textwidget\">\n\t<h2 style=\"text-align: center;\"><b>Contactos<\/b><\/h2>\n<p style=\"text-align: center;\">Morada: Estrada Nacional 11, 308,<br \/>\n2835 - 175 Baixa da Banheira<br \/>\nTelefones: 212 099 650\/9<br \/>\n<em>(Chamada para a rede fixa nacional)<\/em><br \/>\ne- mail: <a href=\"mailto:geral@baraoecosta.pt\">geral@baraoecosta.pt<\/a><\/p>\n<\/div>\n<\/div><\/div><\/div><div id=\"pgc-14-4-1\"  class=\"panel-grid-cell\" ><div id=\"panel-14-4-1-0\" class=\"so-panel widget widget_sow-icon panel-first-child\" data-index=\"7\" ><div\n\t\t\t\n\t\t\tclass=\"so-widget-sow-icon so-widget-sow-icon-default-3e1f08dcc558-14\"\n\t\t\t\n\t\t>\n<div class=\"sow-icon-container sow-icon\">\n\t\t\t<span class=\"sow-icon-fontawesome sow-far\" data-sow-icon=\"&#xf017;\"\n\t\t \n\t\taria-hidden=\"true\"><\/span>\t<\/div>\n<\/div><\/div><div id=\"panel-14-4-1-1\" class=\"so-panel widget widget_sow-editor panel-last-child\" data-index=\"8\" ><div\n\t\t\t\n\t\t\tclass=\"so-widget-sow-editor so-widget-sow-editor-base\"\n\t\t\t\n\t\t>\n<div class=\"siteorigin-widget-tinymce textwidget\">\n\t<h2 style=\"text-align: center;\"><strong>Hor\u00e1rio<\/strong><\/h2>\n<p style=\"text-align: center;\">Estamos abertos de Segunda a S\u00e1bado:<br \/>\n<strong>Abertura \u00e1s 8:30h \u2013 Fecho \u00e1s 19:30h<\/strong><br \/>\nEncerra aos Domingos<\/p>\n<p style=\"text-align: center;\">Alvar\u00e1 de Armeiro Tipo 2 N\u00ba351\/2012<\/p>\n<p>&nbsp;<\/p>\n<\/div>\n<\/div><\/div><\/div><div id=\"pgc-14-4-2\"  class=\"panel-grid-cell\" ><div id=\"panel-14-4-2-0\" class=\"so-panel widget widget_sow-icon panel-first-child\" data-index=\"9\" ><div\n\t\t\t\n\t\t\tclass=\"so-widget-sow-icon so-widget-sow-icon-default-3e1f08dcc558-14\"\n\t\t\t\n\t\t>\n<div class=\"sow-icon-container sow-icon\">\n\t\t\t<span class=\"sow-icon-fontawesome sow-fas\" data-sow-icon=\"&#xf0d1;\"\n\t\t \n\t\taria-hidden=\"true\"><\/span>\t<\/div>\n<\/div><\/div><div id=\"panel-14-4-2-1\" class=\"so-panel widget widget_sow-editor panel-last-child\" data-index=\"10\" ><div\n\t\t\t\n\t\t\tclass=\"so-widget-sow-editor so-widget-sow-editor-base\"\n\t\t\t\n\t\t>\n<div class=\"siteorigin-widget-tinymce textwidget\">\n\t<h2 style=\"text-align: center;\"><b>Fro<\/b><b>ta<\/b><\/h2>\n<p style=\"text-align: center;\">Dispomos de uma frota autom\u00f3vel pr\u00f3pria para entregas ao domic\u00edlio.<\/p>\n<\/div>\n<\/div><\/div><\/div><\/div><\/div><div id=\"pg-14-5\"  class=\"panel-grid panel-has-style\" ><div class=\"siteorigin-panels-stretch panel-row-style panel-row-style-for-14-5\" data-stretch-type=\"full-width-stretch\" ><div id=\"pgc-14-5-0\"  class=\"panel-grid-cell\" ><div id=\"panel-14-5-0-0\" class=\"so-panel widget widget_sow-image panel-first-child panel-last-child\" data-index=\"11\" ><div class=\"panel-widget-style panel-widget-style-for-14-5-0-0\" ><div\n\t\t\t\n\t\t\tclass=\"so-widget-sow-image so-widget-sow-image-default-dbf295114b96-14\"\n\t\t\t\n\t\t>\n<div class=\"sow-image-container\">\n\t\t<img \n\tsrc=\"https:\/\/www.baraoecosta.pt\/web\/wp-content\/uploads\/2018\/04\/DSC02896_2.jpg\" width=\"600\" height=\"400\" srcset=\"https:\/\/www.baraoecosta.pt\/web\/wp-content\/uploads\/2018\/04\/DSC02896_2.jpg 600w, https:\/\/www.baraoecosta.pt\/web\/wp-content\/uploads\/2018\/04\/DSC02896_2-300x200.jpg 300w, https:\/\/www.baraoecosta.pt\/web\/wp-content\/uploads\/2018\/04\/DSC02896_2-272x182.jpg 272w\" sizes=\"(max-width: 600px) 100vw, 600px\" title=\"SONY DSC\" alt=\"\" \t\tclass=\"so-widget-image\"\/>\n\t<\/div>\n\n<\/div><\/div><\/div><\/div><div id=\"pgc-14-5-1\"  class=\"panel-grid-cell\" ><div id=\"panel-14-5-1-0\" class=\"so-panel widget widget_sow-image panel-first-child panel-last-child\" data-index=\"12\" ><div class=\"panel-widget-style panel-widget-style-for-14-5-1-0\" ><div\n\t\t\t\n\t\t\tclass=\"so-widget-sow-image so-widget-sow-image-default-dbf295114b96-14\"\n\t\t\t\n\t\t>\n<div class=\"sow-image-container\">\n\t\t<img \n\tsrc=\"https:\/\/www.baraoecosta.pt\/web\/wp-content\/uploads\/2018\/04\/DSC02902_2.jpg\" width=\"600\" height=\"400\" srcset=\"https:\/\/www.baraoecosta.pt\/web\/wp-content\/uploads\/2018\/04\/DSC02902_2.jpg 600w, https:\/\/www.baraoecosta.pt\/web\/wp-content\/uploads\/2018\/04\/DSC02902_2-300x200.jpg 300w, https:\/\/www.baraoecosta.pt\/web\/wp-content\/uploads\/2018\/04\/DSC02902_2-272x182.jpg 272w\" sizes=\"(max-width: 600px) 100vw, 600px\" title=\"SONY DSC\" alt=\"\" \t\tclass=\"so-widget-image\"\/>\n\t<\/div>\n\n<\/div><\/div><\/div><\/div><div id=\"pgc-14-5-2\"  class=\"panel-grid-cell\" ><div id=\"panel-14-5-2-0\" class=\"so-panel widget widget_sow-image panel-first-child panel-last-child\" data-index=\"13\" ><div class=\"panel-widget-style panel-widget-style-for-14-5-2-0\" ><div\n\t\t\t\n\t\t\tclass=\"so-widget-sow-image so-widget-sow-image-default-dbf295114b96-14\"\n\t\t\t\n\t\t>\n<div class=\"sow-image-container\">\n\t\t<img loading=\"lazy\" \n\tsrc=\"https:\/\/www.baraoecosta.pt\/web\/wp-content\/uploads\/2018\/04\/DSC02919_2.jpg\" width=\"600\" height=\"400\" srcset=\"https:\/\/www.baraoecosta.pt\/web\/wp-content\/uploads\/2018\/04\/DSC02919_2.jpg 600w, https:\/\/www.baraoecosta.pt\/web\/wp-content\/uploads\/2018\/04\/DSC02919_2-300x200.jpg 300w, https:\/\/www.baraoecosta.pt\/web\/wp-content\/uploads\/2018\/04\/DSC02919_2-272x182.jpg 272w\" sizes=\"(max-width: 600px) 100vw, 600px\" title=\"SONY DSC\" alt=\"\" \t\tclass=\"so-widget-image\"\/>\n\t<\/div>\n\n<\/div><\/div><\/div><\/div><div id=\"pgc-14-5-3\"  class=\"panel-grid-cell\" ><div id=\"panel-14-5-3-0\" class=\"so-panel widget widget_sow-image panel-first-child panel-last-child\" data-index=\"14\" ><div class=\"panel-widget-style panel-widget-style-for-14-5-3-0\" ><div\n\t\t\t\n\t\t\tclass=\"so-widget-sow-image so-widget-sow-image-default-dbf295114b96-14\"\n\t\t\t\n\t\t>\n<div class=\"sow-image-container\">\n\t\t<img loading=\"lazy\" \n\tsrc=\"https:\/\/www.baraoecosta.pt\/web\/wp-content\/uploads\/2018\/04\/DSC02944_2.jpg\" width=\"600\" height=\"400\" srcset=\"https:\/\/www.baraoecosta.pt\/web\/wp-content\/uploads\/2018\/04\/DSC02944_2.jpg 600w, https:\/\/www.baraoecosta.pt\/web\/wp-content\/uploads\/2018\/04\/DSC02944_2-300x200.jpg 300w, https:\/\/www.baraoecosta.pt\/web\/wp-content\/uploads\/2018\/04\/DSC02944_2-272x182.jpg 272w\" sizes=\"(max-width: 600px) 100vw, 600px\" title=\"SONY DSC\" alt=\"\" \t\tclass=\"so-widget-image\"\/>\n\t<\/div>\n\n<\/div><\/div><\/div><\/div><\/div><\/div><div id=\"pg-14-6\"  class=\"panel-grid panel-has-style\" ><div class=\"panel-row-style panel-row-style-for-14-6\" ><div id=\"pgc-14-6-0\"  class=\"panel-grid-cell\" ><div id=\"panel-14-6-0-0\" class=\"so-panel widget widget_sow-editor panel-first-child panel-last-child\" data-index=\"15\" ><div\n\t\t\t\n\t\t\tclass=\"so-widget-sow-editor so-widget-sow-editor-base\"\n\t\t\t\n\t\t>\n<div class=\"siteorigin-widget-tinymce textwidget\">\n\t<h1><em><strong>SERVI\u00c7OS<\/strong><\/em><\/h1>\n<h2><strong><em>Colocamos ao seu dispor uma vasta gama de servi\u00e7os<\/em><\/strong><\/h2>\n<hr \/>\n<\/div>\n<\/div><\/div><\/div><\/div><\/div><div id=\"pg-14-7\"  class=\"panel-grid panel-has-style\" ><div class=\"panel-row-style panel-row-style-for-14-7\" ><div id=\"pgc-14-7-0\"  class=\"panel-grid-cell\" ><div id=\"panel-14-7-0-0\" class=\"so-panel widget widget_sow-icon panel-first-child\" data-index=\"16\" ><div\n\t\t\t\n\t\t\tclass=\"so-widget-sow-icon so-widget-sow-icon-default-3e1f08dcc558-14\"\n\t\t\t\n\t\t>\n<div class=\"sow-icon-container sow-icon\">\n\t\t\t<span class=\"sow-icon-fontawesome sow-fas\" data-sow-icon=\"&#xf2b9;\"\n\t\t \n\t\taria-hidden=\"true\"><\/span>\t<\/div>\n<\/div><\/div><div id=\"panel-14-7-0-1\" class=\"so-panel widget widget_sow-editor\" data-index=\"17\" ><div\n\t\t\t\n\t\t\tclass=\"so-widget-sow-editor so-widget-sow-editor-base\"\n\t\t\t\n\t\t>\n<div class=\"siteorigin-widget-tinymce textwidget\">\n\t<h3 style=\"text-align: center;\"><strong>Servi\u00e7o de Apoio ao Cliente<\/strong><\/h3>\n<p style=\"text-align: center;\">Atendimento Personalizado e apoio p\u00f3s venda<\/p>\n<hr \/>\n<\/div>\n<\/div><\/div><div id=\"panel-14-7-0-2\" class=\"so-panel widget widget_sow-icon\" data-index=\"18\" ><div\n\t\t\t\n\t\t\tclass=\"so-widget-sow-icon so-widget-sow-icon-default-3e1f08dcc558-14\"\n\t\t\t\n\t\t>\n<div class=\"sow-icon-container sow-icon\">\n\t\t\t<span class=\"sow-icon-fontawesome sow-fas\" data-sow-icon=\"&#xf0d1;\"\n\t\t \n\t\taria-hidden=\"true\"><\/span>\t<\/div>\n<\/div><\/div><div id=\"panel-14-7-0-3\" class=\"so-panel widget widget_sow-editor panel-last-child\" data-index=\"19\" ><div\n\t\t\t\n\t\t\tclass=\"so-widget-sow-editor so-widget-sow-editor-base\"\n\t\t\t\n\t\t>\n<div class=\"siteorigin-widget-tinymce textwidget\">\n\t<h3 style=\"text-align: center;\"><strong> Entregas ao domic\u00edlio<\/strong><\/h3>\n<p style=\"text-align: center;\">Sujeito a marca\u00e7\u00e3o<\/p>\n<\/div>\n<\/div><\/div><\/div><div id=\"pgc-14-7-1\"  class=\"panel-grid-cell\" ><div id=\"panel-14-7-1-0\" class=\"so-panel widget widget_sow-icon panel-first-child\" data-index=\"20\" ><div\n\t\t\t\n\t\t\tclass=\"so-widget-sow-icon so-widget-sow-icon-default-3e1f08dcc558-14\"\n\t\t\t\n\t\t>\n<div class=\"sow-icon-container sow-icon\">\n\t\t\t<span class=\"sow-icon-fontawesome sow-fas\" data-sow-icon=\"&#xf084;\"\n\t\t \n\t\taria-hidden=\"true\"><\/span>\t<\/div>\n<\/div><\/div><div id=\"panel-14-7-1-1\" class=\"so-panel widget widget_sow-editor\" data-index=\"21\" ><div\n\t\t\t\n\t\t\tclass=\"so-widget-sow-editor so-widget-sow-editor-base\"\n\t\t\t\n\t\t>\n<div class=\"siteorigin-widget-tinymce textwidget\">\n\t<h3 style=\"text-align: center;\"><b>Reprodu\u00e7\u00e3o de Chaves na Hora<\/b><\/h3>\n<p style=\"text-align: center;\">Reprodu\u00e7\u00e3o de todo o tipo de chaves e comandos<\/p>\n<hr \/>\n<\/div>\n<\/div><\/div><div id=\"panel-14-7-1-2\" class=\"so-panel widget widget_sow-icon\" data-index=\"22\" ><div\n\t\t\t\n\t\t\tclass=\"so-widget-sow-icon so-widget-sow-icon-default-3e1f08dcc558-14\"\n\t\t\t\n\t\t>\n<div class=\"sow-icon-container sow-icon\">\n\t\t\t<span class=\"sow-icon-fontawesome sow-fas\" data-sow-icon=\"&#xf1fb;\"\n\t\t \n\t\taria-hidden=\"true\"><\/span>\t<\/div>\n<\/div><\/div><div id=\"panel-14-7-1-3\" class=\"so-panel widget widget_sow-editor panel-last-child\" data-index=\"23\" ><div\n\t\t\t\n\t\t\tclass=\"so-widget-sow-editor so-widget-sow-editor-base\"\n\t\t\t\n\t\t>\n<div class=\"siteorigin-widget-tinymce textwidget\">\n\t<h3 style=\"text-align: center;\"> <b>Afina\u00e7\u00e3o de cor em tintas<\/b><\/h3>\n<p style=\"text-align: center;\">Tintas Cin e Titanlux gama decorativa e profissional<\/p>\n<\/div>\n<\/div><\/div><\/div><div id=\"pgc-14-7-2\"  class=\"panel-grid-cell\" ><div id=\"panel-14-7-2-0\" class=\"so-panel widget widget_sow-icon panel-first-child\" data-index=\"24\" ><div\n\t\t\t\n\t\t\tclass=\"so-widget-sow-icon so-widget-sow-icon-default-3e1f08dcc558-14\"\n\t\t\t\n\t\t>\n<div class=\"sow-icon-container sow-icon\">\n\t\t\t<span class=\"sow-icon-fontawesome sow-fas\" data-sow-icon=\"&#xf2a7;\"\n\t\t \n\t\taria-hidden=\"true\"><\/span>\t<\/div>\n<\/div><\/div><div id=\"panel-14-7-2-1\" class=\"so-panel widget widget_sow-editor\" data-index=\"25\" ><div\n\t\t\t\n\t\t\tclass=\"so-widget-sow-editor so-widget-sow-editor-base\"\n\t\t\t\n\t\t>\n<div class=\"siteorigin-widget-tinymce textwidget\">\n\t<h3 style=\"text-align: center;\"><strong><b>Corte de madeira e acr\u00edlicos<\/b> <br \/><\/strong><\/h3>\n<p style=\"text-align: center;\">Servi\u00e7o fornecido sob consulta. <\/p>\n<hr \/>\n<\/div>\n<\/div><\/div><div id=\"panel-14-7-2-2\" class=\"so-panel widget widget_sow-icon\" data-index=\"26\" ><div\n\t\t\t\n\t\t\tclass=\"so-widget-sow-icon so-widget-sow-icon-default-3e1f08dcc558-14\"\n\t\t\t\n\t\t>\n<div class=\"sow-icon-container sow-icon\">\n\t\t\t<span class=\"sow-icon-fontawesome sow-fas\" data-sow-icon=\"&#xf260;\"\n\t\t \n\t\taria-hidden=\"true\"><\/span>\t<\/div>\n<\/div><\/div><div id=\"panel-14-7-2-3\" class=\"so-panel widget widget_sow-editor panel-last-child\" data-index=\"27\" ><div\n\t\t\t\n\t\t\tclass=\"so-widget-sow-editor so-widget-sow-editor-base\"\n\t\t\t\n\t\t>\n<div class=\"siteorigin-widget-tinymce textwidget\">\n\t<h3 style=\"text-align: center;\"><strong>Grava\u00e7\u00f5es e Sinal\u00e9tica<br \/><\/strong><\/h3>\n<p style=\"text-align: center;\">Trabalhos em vinil e Sinal\u00e9tica de seguran\u00e7a<\/p>\n<\/div>\n<\/div><\/div><\/div><\/div><\/div><div id=\"pg-14-8\"  class=\"panel-grid panel-has-style\" ><div class=\"panel-row-style panel-row-style-for-14-8\" ><div id=\"pgc-14-8-0\"  class=\"panel-grid-cell\" ><div id=\"panel-14-8-0-0\" class=\"so-panel widget widget_sow-editor panel-first-child panel-last-child\" data-index=\"28\" ><div\n\t\t\t\n\t\t\tclass=\"so-widget-sow-editor so-widget-sow-editor-base\"\n\t\t\t\n\t\t>\n<div class=\"siteorigin-widget-tinymce textwidget\">\n\t<hr \/>\n<\/div>\n<\/div><\/div><\/div><\/div><\/div><div id=\"pg-14-9\"  class=\"panel-grid panel-has-style\" ><div class=\"panel-row-style panel-row-style-for-14-9\" ><div id=\"pgc-14-9-0\"  class=\"panel-grid-cell\" ><div id=\"panel-14-9-0-0\" class=\"so-panel widget widget_sow-editor panel-first-child panel-last-child\" data-index=\"29\" ><div\n\t\t\t\n\t\t\tclass=\"so-widget-sow-editor so-widget-sow-editor-base\"\n\t\t\t\n\t\t>\n<div class=\"siteorigin-widget-tinymce textwidget\">\n\t<h1 style=\"text-align: center;\"><em><strong>MARCAS<\/strong><\/em><\/h1>\n<h2 style=\"text-align: center;\"><strong><em>As marcas de refer\u00eancias para todas as \u00e1reas de atua\u00e7\u00e3o<br \/><\/em><\/strong><\/h2>\n<\/div>\n<\/div><\/div><\/div><\/div><\/div><div id=\"pg-14-10\"  class=\"panel-grid panel-has-style\" ><div class=\"panel-row-style panel-row-style-for-14-10\" ><div id=\"pgc-14-10-0\"  class=\"panel-grid-cell\" ><div id=\"panel-14-10-0-0\" class=\"so-panel widget widget_sow-layout-slider panel-first-child panel-last-child\" data-index=\"30\" ><div\n\t\t\t\n\t\t\tclass=\"so-widget-sow-layout-slider so-widget-sow-layout-slider-default-696303f60fcc-14\"\n\t\t\t\n\t\t>\t\t\t\t<div class=\"sow-slider-base\" style=\"display: none\" tabindex=\"0\">\n\t\t\t\t\t<ul\n\t\t\t\t\tclass=\"sow-slider-images\"\n\t\t\t\t\tdata-settings=\"{&quot;pagination&quot;:true,&quot;speed&quot;:800,&quot;timeout&quot;:8000,&quot;paused&quot;:false,&quot;pause_on_hover&quot;:false,&quot;swipe&quot;:true,&quot;nav_always_show_desktop&quot;:&quot;&quot;,&quot;nav_always_show_mobile&quot;:&quot;&quot;,&quot;breakpoint&quot;:&quot;780px&quot;,&quot;unmute&quot;:false,&quot;anchor&quot;:null}\"\n\t\t\t\t\t\t\t\t\t\tdata-anchor-id=\"\"\n\t\t\t\t>\t\t<li class=\"sow-slider-image  sow-slider-image-cover\" style=\"visibility: visible;;background-color: #333333;background-image: url(https:\/\/www.baraoecosta.pt\/web\/wp-content\/uploads\/2018\/06\/Marcas_01.png)\" >\n\t\t\t\t\t<div class=\"sow-slider-image-container\">\n\t\t\t<div class=\"sow-slider-image-wrapper\">\n\t\t\t\t\t\t\t<\/div>\n\t\t<\/div>\n\t\t\t\t<\/li>\n\t\t\t\t<li class=\"sow-slider-image  sow-slider-image-cover\" style=\"visibility: hidden;;background-color: #333333\" data-background=\"url(https:\/\/www.baraoecosta.pt\/web\/wp-content\/uploads\/2018\/06\/Marcas_02.png)\" >\n\t\t\t\t\t<div class=\"sow-slider-image-container\">\n\t\t\t<div class=\"sow-slider-image-wrapper\">\n\t\t\t\t\t\t\t<\/div>\n\t\t<\/div>\n\t\t\t\t<\/li>\n\t\t\t\t<li class=\"sow-slider-image  sow-slider-image-cover\" style=\"visibility: hidden;;background-color: #333333\" data-background=\"url(https:\/\/www.baraoecosta.pt\/web\/wp-content\/uploads\/2018\/06\/Marcas_03.png)\" >\n\t\t\t\t\t<div class=\"sow-slider-image-container\">\n\t\t\t<div class=\"sow-slider-image-wrapper\">\n\t\t\t\t\t\t\t<\/div>\n\t\t<\/div>\n\t\t\t\t<\/li>\n\t\t\t\t<li class=\"sow-slider-image  sow-slider-image-cover\" style=\"visibility: hidden;;background-color: #333333\" data-background=\"url(https:\/\/www.baraoecosta.pt\/web\/wp-content\/uploads\/2018\/06\/Marcas_04.png)\" >\n\t\t\t\t\t<div class=\"sow-slider-image-container\">\n\t\t\t<div class=\"sow-slider-image-wrapper\">\n\t\t\t\t\t\t\t<\/div>\n\t\t<\/div>\n\t\t\t\t<\/li>\n\t\t\t\t<li class=\"sow-slider-image  sow-slider-image-cover\" style=\"visibility: hidden;;background-color: #333333\" data-background=\"url(https:\/\/www.baraoecosta.pt\/web\/wp-content\/uploads\/2018\/06\/Marcas_05.png)\" >\n\t\t\t\t\t<div class=\"sow-slider-image-container\">\n\t\t\t<div class=\"sow-slider-image-wrapper\">\n\t\t\t\t\t\t\t<\/div>\n\t\t<\/div>\n\t\t\t\t<\/li>\n\t\t\t\t<li class=\"sow-slider-image  sow-slider-image-cover\" style=\"visibility: hidden;;background-color: #333333\" data-background=\"url(https:\/\/www.baraoecosta.pt\/web\/wp-content\/uploads\/2018\/06\/Marcas_06.png)\" >\n\t\t\t\t\t<div class=\"sow-slider-image-container\">\n\t\t\t<div class=\"sow-slider-image-wrapper\">\n\t\t\t\t\t\t\t<\/div>\n\t\t<\/div>\n\t\t\t\t<\/li>\n\t\t\t\t<li class=\"sow-slider-image  sow-slider-image-cover\" style=\"visibility: hidden;;background-color: #333333\" data-background=\"url(https:\/\/www.baraoecosta.pt\/web\/wp-content\/uploads\/2018\/06\/Marcas_07.png)\" >\n\t\t\t\t\t<div class=\"sow-slider-image-container\">\n\t\t\t<div class=\"sow-slider-image-wrapper\">\n\t\t\t\t\t\t\t<\/div>\n\t\t<\/div>\n\t\t\t\t<\/li>\n\t\t\t\t<li class=\"sow-slider-image  sow-slider-image-cover\" style=\"visibility: hidden;;background-color: #333333\" data-background=\"url(https:\/\/www.baraoecosta.pt\/web\/wp-content\/uploads\/2018\/06\/Marcas_08.png)\" >\n\t\t\t\t\t<div class=\"sow-slider-image-container\">\n\t\t\t<div class=\"sow-slider-image-wrapper\">\n\t\t\t\t\t\t\t<\/div>\n\t\t<\/div>\n\t\t\t\t<\/li>\n\t\t\t\t<li class=\"sow-slider-image  sow-slider-image-cover\" style=\"visibility: hidden;;background-color: #333333\" data-background=\"url(https:\/\/www.baraoecosta.pt\/web\/wp-content\/uploads\/2018\/06\/Marcas_09-1.png)\" >\n\t\t\t\t\t<div class=\"sow-slider-image-container\">\n\t\t\t<div class=\"sow-slider-image-wrapper\">\n\t\t\t\t\t\t\t<\/div>\n\t\t<\/div>\n\t\t\t\t<\/li>\n\t\t\t\t<li class=\"sow-slider-image  sow-slider-image-cover\" style=\"visibility: hidden;;background-color: #333333\" data-background=\"url(https:\/\/www.baraoecosta.pt\/web\/wp-content\/uploads\/2018\/06\/Marcas_10.png)\" >\n\t\t\t\t\t<div class=\"sow-slider-image-container\">\n\t\t\t<div class=\"sow-slider-image-wrapper\">\n\t\t\t\t\t\t\t<\/div>\n\t\t<\/div>\n\t\t\t\t<\/li>\n\t\t\t\t<li class=\"sow-slider-image  sow-slider-image-cover\" style=\"visibility: hidden;;background-color: #333333\" data-background=\"url(https:\/\/www.baraoecosta.pt\/web\/wp-content\/uploads\/2018\/06\/Marcas_11.png)\" >\n\t\t\t\t\t<div class=\"sow-slider-image-container\">\n\t\t\t<div class=\"sow-slider-image-wrapper\">\n\t\t\t\t\t\t\t<\/div>\n\t\t<\/div>\n\t\t\t\t<\/li>\n\t\t<\/ul>\t\t\t\t<ol class=\"sow-slider-pagination\">\n\t\t\t\t\t\t\t\t\t\t\t<li><a href=\"#\" data-goto=\"0\" aria-label=\"Display slide 1\"><\/a><\/li>\n\t\t\t\t\t\t\t\t\t\t\t<li><a href=\"#\" data-goto=\"1\" aria-label=\"Display slide 2\"><\/a><\/li>\n\t\t\t\t\t\t\t\t\t\t\t<li><a href=\"#\" data-goto=\"2\" aria-label=\"Display slide 3\"><\/a><\/li>\n\t\t\t\t\t\t\t\t\t\t\t<li><a href=\"#\" data-goto=\"3\" aria-label=\"Display slide 4\"><\/a><\/li>\n\t\t\t\t\t\t\t\t\t\t\t<li><a href=\"#\" data-goto=\"4\" aria-label=\"Display slide 5\"><\/a><\/li>\n\t\t\t\t\t\t\t\t\t\t\t<li><a href=\"#\" data-goto=\"5\" aria-label=\"Display slide 6\"><\/a><\/li>\n\t\t\t\t\t\t\t\t\t\t\t<li><a href=\"#\" data-goto=\"6\" aria-label=\"Display slide 7\"><\/a><\/li>\n\t\t\t\t\t\t\t\t\t\t\t<li><a href=\"#\" data-goto=\"7\" aria-label=\"Display slide 8\"><\/a><\/li>\n\t\t\t\t\t\t\t\t\t\t\t<li><a href=\"#\" data-goto=\"8\" aria-label=\"Display slide 9\"><\/a><\/li>\n\t\t\t\t\t\t\t\t\t\t\t<li><a href=\"#\" data-goto=\"9\" aria-label=\"Display slide 10\"><\/a><\/li>\n\t\t\t\t\t\t\t\t\t\t\t<li><a href=\"#\" data-goto=\"10\" aria-label=\"Display slide 11\"><\/a><\/li>\n\t\t\t\t\t\t\t\t\t<\/ol>\n\n\t\t\t\t<div class=\"sow-slide-nav sow-slide-nav-next\">\n\t\t\t\t\t<a href=\"#\" data-goto=\"next\" aria-label=\"Next slide\" data-action=\"next\">\n\t\t\t\t\t\t<em class=\"sow-sld-icon-thin-right\"><\/em>\n\t\t\t\t\t<\/a>\n\t\t\t\t<\/div>\n\n\t\t\t\t<div class=\"sow-slide-nav sow-slide-nav-prev\">\n\t\t\t\t\t<a href=\"#\" data-goto=\"previous\" aria-label=\"Previous slide\" data-action=\"prev\">\n\t\t\t\t\t\t<em class=\"sow-sld-icon-thin-left\"><\/em>\n\t\t\t\t\t<\/a>\n\t\t\t\t<\/div>\n\t\t\t\t<\/div><\/div><\/div><\/div><\/div><\/div><div id=\"pg-14-11\"  class=\"panel-grid panel-has-style\" ><div class=\"panel-row-style panel-row-style-for-14-11\" ><div id=\"pgc-14-11-0\"  class=\"panel-grid-cell\" ><div id=\"panel-14-11-0-0\" class=\"so-panel widget widget_sow-editor panel-first-child panel-last-child\" data-index=\"31\" ><div\n\t\t\t\n\t\t\tclass=\"so-widget-sow-editor so-widget-sow-editor-base\"\n\t\t\t\n\t\t>\n<div class=\"siteorigin-widget-tinymce textwidget\">\n\t<hr \/>\n<\/div>\n<\/div><\/div><\/div><\/div><\/div><\/div>","protected":false},"excerpt":{"rendered":"<p>LOJA<\/p>\n","protected":false},"author":1,"featured_media":0,"parent":0,"menu_order":0,"comment_status":"closed","ping_status":"closed","template":"","meta":{"generate_page_header":"","footnotes":""},"class_list":["post-14","page","type-page","status-publish"],"_links":{"self":[{"href":"https:\/\/www.baraoecosta.pt\/web\/wp-json\/wp\/v2\/pages\/14","targetHints":{"allow":["GET"]}}],"collection":[{"href":"https:\/\/www.baraoecosta.pt\/web\/wp-json\/wp\/v2\/pages"}],"about":[{"href":"https:\/\/www.baraoecosta.pt\/web\/wp-json\/wp\/v2\/types\/page"}],"author":[{"embeddable":true,"href":"https:\/\/www.baraoecosta.pt\/web\/wp-json\/wp\/v2\/users\/1"}],"replies":[{"embeddable":true,"href":"https:\/\/www.baraoecosta.pt\/web\/wp-json\/wp\/v2\/comments?post=14"}],"version-history":[{"count":103,"href":"https:\/\/www.baraoecosta.pt\/web\/wp-json\/wp\/v2\/pages\/14\/revisions"}],"predecessor-version":[{"id":1350,"href":"https:\/\/www.baraoecosta.pt\/web\/wp-json\/wp\/v2\/pages\/14\/revisions\/1350"}],"wp:attachment":[{"href":"https:\/\/www.baraoecosta.pt\/web\/wp-json\/wp\/v2\/media?parent=14"}],"curies":[{"name":"wp","href":"https:\/\/api.w.org\/{rel}","templated":true}]}}