{"id":22,"date":"2017-07-03T15:52:05","date_gmt":"2017-07-03T15:52:05","guid":{"rendered":"http:\/\/www.baraoecosta.pt\/web\/?page_id=22"},"modified":"2018-06-18T14:52:15","modified_gmt":"2018-06-18T14:52:15","slug":"projetos-e-apoios","status":"publish","type":"page","link":"https:\/\/www.baraoecosta.pt\/web\/empresa\/projetos-e-apoios\/","title":{"rendered":"Projetos e Apoios"},"content":{"rendered":"<div id=\"pl-22\"  class=\"panel-layout\" ><div id=\"pg-22-0\"  class=\"panel-grid panel-has-style\" ><div class=\"siteorigin-panels-stretch panel-row-style panel-row-style-for-22-0\" data-stretch-type=\"full-stretched\" ><div id=\"pgc-22-0-0\"  class=\"panel-grid-cell\" ><div id=\"panel-22-0-0-0\" class=\"so-panel widget widget_sow-image panel-first-child panel-last-child\" data-index=\"0\" ><div\n\t\t\t\n\t\t\tclass=\"so-widget-sow-image so-widget-sow-image-default-8b5b6f678277-22\"\n\t\t\t\n\t\t>\n<div class=\"sow-image-container\">\n\t\t<img \n\tsrc=\"https:\/\/www.baraoecosta.pt\/web\/wp-content\/uploads\/2018\/06\/Banner_BaraoeCosta_Projetos.jpg\" width=\"1903\" height=\"545\" srcset=\"https:\/\/www.baraoecosta.pt\/web\/wp-content\/uploads\/2018\/06\/Banner_BaraoeCosta_Projetos.jpg 1903w, https:\/\/www.baraoecosta.pt\/web\/wp-content\/uploads\/2018\/06\/Banner_BaraoeCosta_Projetos-300x86.jpg 300w, https:\/\/www.baraoecosta.pt\/web\/wp-content\/uploads\/2018\/06\/Banner_BaraoeCosta_Projetos-768x220.jpg 768w, https:\/\/www.baraoecosta.pt\/web\/wp-content\/uploads\/2018\/06\/Banner_BaraoeCosta_Projetos-1024x293.jpg 1024w\" sizes=\"(max-width: 1903px) 100vw, 1903px\" alt=\"\" \t\tclass=\"so-widget-image\"\/>\n\t<\/div>\n\n<\/div><\/div><\/div><\/div><\/div><div id=\"pg-22-1\"  class=\"panel-grid panel-has-style\" ><div class=\"panel-row-style panel-row-style-for-22-1\" ><div id=\"pgc-22-1-0\"  class=\"panel-grid-cell\" ><div id=\"panel-22-1-0-0\" class=\"so-panel widget widget_sow-editor panel-first-child panel-last-child\" data-index=\"1\" ><div\n\t\t\t\n\t\t\tclass=\"so-widget-sow-editor so-widget-sow-editor-base\"\n\t\t\t\n\t\t>\n<div class=\"siteorigin-widget-tinymce textwidget\">\n\t<h1><em><strong>PROJETOS E APOIOS<br \/><\/strong><\/em><\/h1>\n<hr \/>\n<\/div>\n<\/div><\/div><\/div><\/div><\/div><div id=\"pg-22-2\"  class=\"panel-grid panel-has-style\" ><div class=\"panel-row-style panel-row-style-for-22-2\" ><div id=\"pgc-22-2-0\"  class=\"panel-grid-cell\" ><div id=\"panel-22-2-0-0\" class=\"so-panel widget widget_sow-editor panel-first-child panel-last-child\" data-index=\"2\" ><div\n\t\t\t\n\t\t\tclass=\"so-widget-sow-editor so-widget-sow-editor-base\"\n\t\t\t\n\t\t>\n<div class=\"siteorigin-widget-tinymce textwidget\">\n\t<blockquote>\n<p><em><strong>Desde sempre que uma das maiores preocupa\u00e7\u00f5es da Bar\u00e3o &amp; Costa \u00e9 a sua responsabilidade social na regi\u00e3o em que se insere.<\/strong><\/em><\/p>\n<\/blockquote>\n<p><em>Na prossecu\u00e7\u00e3o deste objectivo, para al\u00e9m de contribui\u00e7\u00f5es pontuais, apoia diversos clubes e associa\u00e7\u00f5es desportivas e culturais locais de entre as quais se salientam as seguintes:<\/em><\/p>\n<ul>\n<li><em>Futebol Clube Barreirense<\/em><\/li>\n<li><em>Uni\u00e3o Desportiva e Cultural Banheirense<\/em><\/li>\n<li><em>Uni\u00e3o Futebol Clube Moitense<\/em><\/li>\n<li><em>Sociedade Filarm\u00f3nica Recreio e Uni\u00e3o Alhos Vedrense<\/em><\/li>\n<li><em>Clube Desportivo e Recreativo da Salvada<\/em><\/li>\n<\/ul>\n<p>&nbsp;<\/p>\n<p><em><strong>No plano da inser\u00e7\u00e3o s\u00f3cio - profissional<\/strong>, a Bar\u00e3o &amp; Costa participa activamente, atrav\u00e9s de protocolos estabelecidos com o Instituto do Emprego e Forma\u00e7\u00e3o Profissional,\u00a0 na realiza\u00e7\u00e3o de est\u00e1gios de integra\u00e7\u00e3o profissional nomeadamente no \u00e2mbito da \"Integra\u00e7\u00e3o Profissional de Pessoas Portadoras de Defici\u00eancia\" e do \"Programa Vida - Emprego\".<\/em><\/p>\n<\/div>\n<\/div><\/div><\/div><div id=\"pgc-22-2-1\"  class=\"panel-grid-cell\" ><div id=\"panel-22-2-1-0\" class=\"so-panel widget widget_sow-editor panel-first-child panel-last-child\" data-index=\"3\" ><div\n\t\t\t\n\t\t\tclass=\"so-widget-sow-editor so-widget-sow-editor-base\"\n\t\t\t\n\t\t>\n<div class=\"siteorigin-widget-tinymce textwidget\">\n\t<p><em>Recentemente, estabeleceu tamb\u00e9m um protocolo com a Escola Secund\u00e1ria da Baixa da Banheira para a realiza\u00e7\u00e3o de est\u00e1gios para os alunos do curso de empregado de com\u00e9rcio.<\/em><\/p>\n<p><em>Ao n\u00edvel cultural, a Bar\u00e3o &amp; Costa apoia e patrocina a edi\u00e7\u00e3o online do jornal digital regional \"O Rio\".<\/em><\/p>\n<p><em> A Bar\u00e3o &amp; Costa apoiou ainda a realiza\u00e7\u00e3o do projecto \"Gente da Casa - Monitoriza\u00e7\u00e3o de uma Obra de Arquitectura\" que \"cruza diversas linguagens e sensibilidades art\u00edsticas - Arquitectura, V\u00eddeo, Fotografia e Sonoplastia.<\/em><\/p>\n<p><em> Estas foram usadas para indagar e retratar, a uma escala local, uma actividade econ\u00f3mica global e fundamental nas sociedades contempor\u00e2neas - a constru\u00e7\u00e3o.\" <\/em><\/p>\n<p><em>Este projecto \"procura captar a atmosfera deste mundo laboral espec\u00edfico, mostrando as suas diversas fases e frentes de trabalho e dando visibilidade \u00e0queles que s\u00e3o os seus protagonistas, os trabalhadores.<\/em><\/p>\n<\/div>\n<\/div><\/div><\/div><\/div><\/div><div id=\"pg-22-3\"  class=\"panel-grid panel-has-style\" ><div class=\"siteorigin-panels-stretch panel-row-style panel-row-style-for-22-3\" data-stretch-type=\"full-stretched\" ><div id=\"pgc-22-3-0\"  class=\"panel-grid-cell\" ><div id=\"panel-22-3-0-0\" class=\"so-panel widget widget_sow-image panel-first-child panel-last-child\" data-index=\"4\" ><div class=\"panel-widget-style panel-widget-style-for-22-3-0-0\" ><div\n\t\t\t\n\t\t\tclass=\"so-widget-sow-image so-widget-sow-image-default-dbf295114b96-22\"\n\t\t\t\n\t\t>\n<div class=\"sow-image-container\">\n\t\t<img loading=\"lazy\" \n\tsrc=\"https:\/\/www.baraoecosta.pt\/web\/wp-content\/uploads\/2018\/04\/DSC02721.jpg\" width=\"1200\" height=\"800\" srcset=\"https:\/\/www.baraoecosta.pt\/web\/wp-content\/uploads\/2018\/04\/DSC02721.jpg 1200w, https:\/\/www.baraoecosta.pt\/web\/wp-content\/uploads\/2018\/04\/DSC02721-300x200.jpg 300w, https:\/\/www.baraoecosta.pt\/web\/wp-content\/uploads\/2018\/04\/DSC02721-768x512.jpg 768w, https:\/\/www.baraoecosta.pt\/web\/wp-content\/uploads\/2018\/04\/DSC02721-1024x683.jpg 1024w, https:\/\/www.baraoecosta.pt\/web\/wp-content\/uploads\/2018\/04\/DSC02721-272x182.jpg 272w\" sizes=\"(max-width: 1200px) 100vw, 1200px\" title=\"SONY DSC\" alt=\"\" \t\tclass=\"so-widget-image\"\/>\n\t<\/div>\n\n<\/div><\/div><\/div><\/div><div id=\"pgc-22-3-1\"  class=\"panel-grid-cell\" ><div id=\"panel-22-3-1-0\" class=\"so-panel widget widget_sow-image panel-first-child panel-last-child\" data-index=\"5\" ><div class=\"panel-widget-style panel-widget-style-for-22-3-1-0\" ><div\n\t\t\t\n\t\t\tclass=\"so-widget-sow-image so-widget-sow-image-default-dbf295114b96-22\"\n\t\t\t\n\t\t>\n<div class=\"sow-image-container\">\n\t\t<img loading=\"lazy\" \n\tsrc=\"https:\/\/www.baraoecosta.pt\/web\/wp-content\/uploads\/2018\/04\/DSC_2050_site.jpg\" width=\"1200\" height=\"800\" srcset=\"https:\/\/www.baraoecosta.pt\/web\/wp-content\/uploads\/2018\/04\/DSC_2050_site.jpg 1200w, https:\/\/www.baraoecosta.pt\/web\/wp-content\/uploads\/2018\/04\/DSC_2050_site-300x200.jpg 300w, https:\/\/www.baraoecosta.pt\/web\/wp-content\/uploads\/2018\/04\/DSC_2050_site-768x512.jpg 768w, https:\/\/www.baraoecosta.pt\/web\/wp-content\/uploads\/2018\/04\/DSC_2050_site-1024x683.jpg 1024w, https:\/\/www.baraoecosta.pt\/web\/wp-content\/uploads\/2018\/04\/DSC_2050_site-272x182.jpg 272w\" sizes=\"(max-width: 1200px) 100vw, 1200px\" alt=\"\" \t\tclass=\"so-widget-image\"\/>\n\t<\/div>\n\n<\/div><\/div><\/div><\/div><div id=\"pgc-22-3-2\"  class=\"panel-grid-cell\" ><div id=\"panel-22-3-2-0\" class=\"so-panel widget widget_sow-image panel-first-child panel-last-child\" data-index=\"6\" ><div class=\"panel-widget-style panel-widget-style-for-22-3-2-0\" ><div\n\t\t\t\n\t\t\tclass=\"so-widget-sow-image so-widget-sow-image-default-dbf295114b96-22\"\n\t\t\t\n\t\t>\n<div class=\"sow-image-container\">\n\t\t<img loading=\"lazy\" \n\tsrc=\"https:\/\/www.baraoecosta.pt\/web\/wp-content\/uploads\/2018\/04\/DSC_1960_site.jpg\" width=\"1200\" height=\"800\" srcset=\"https:\/\/www.baraoecosta.pt\/web\/wp-content\/uploads\/2018\/04\/DSC_1960_site.jpg 1200w, https:\/\/www.baraoecosta.pt\/web\/wp-content\/uploads\/2018\/04\/DSC_1960_site-300x200.jpg 300w, https:\/\/www.baraoecosta.pt\/web\/wp-content\/uploads\/2018\/04\/DSC_1960_site-768x512.jpg 768w, https:\/\/www.baraoecosta.pt\/web\/wp-content\/uploads\/2018\/04\/DSC_1960_site-1024x683.jpg 1024w, https:\/\/www.baraoecosta.pt\/web\/wp-content\/uploads\/2018\/04\/DSC_1960_site-272x182.jpg 272w\" sizes=\"(max-width: 1200px) 100vw, 1200px\" alt=\"\" \t\tclass=\"so-widget-image\"\/>\n\t<\/div>\n\n<\/div><\/div><\/div><\/div><div id=\"pgc-22-3-3\"  class=\"panel-grid-cell\" ><div id=\"panel-22-3-3-0\" class=\"so-panel widget widget_sow-image panel-first-child panel-last-child\" data-index=\"7\" ><div class=\"panel-widget-style panel-widget-style-for-22-3-3-0\" ><div\n\t\t\t\n\t\t\tclass=\"so-widget-sow-image so-widget-sow-image-default-dbf295114b96-22\"\n\t\t\t\n\t\t>\n<div class=\"sow-image-container\">\n\t\t<img loading=\"lazy\" \n\tsrc=\"https:\/\/www.baraoecosta.pt\/web\/wp-content\/uploads\/2018\/04\/DSC_1856_site.jpg\" width=\"1200\" height=\"803\" srcset=\"https:\/\/www.baraoecosta.pt\/web\/wp-content\/uploads\/2018\/04\/DSC_1856_site.jpg 1200w, https:\/\/www.baraoecosta.pt\/web\/wp-content\/uploads\/2018\/04\/DSC_1856_site-300x201.jpg 300w, https:\/\/www.baraoecosta.pt\/web\/wp-content\/uploads\/2018\/04\/DSC_1856_site-768x514.jpg 768w, https:\/\/www.baraoecosta.pt\/web\/wp-content\/uploads\/2018\/04\/DSC_1856_site-1024x685.jpg 1024w, https:\/\/www.baraoecosta.pt\/web\/wp-content\/uploads\/2018\/04\/DSC_1856_site-272x182.jpg 272w\" sizes=\"(max-width: 1200px) 100vw, 1200px\" alt=\"\" \t\tclass=\"so-widget-image\"\/>\n\t<\/div>\n\n<\/div><\/div><\/div><\/div><\/div><\/div><div id=\"pg-22-4\"  class=\"panel-grid panel-has-style\" ><div class=\"panel-row-style panel-row-style-for-22-4\" ><div id=\"pgc-22-4-0\"  class=\"panel-grid-cell\" ><div id=\"panel-22-4-0-0\" class=\"so-panel widget widget_sow-editor panel-first-child panel-last-child\" data-index=\"8\" ><div\n\t\t\t\n\t\t\tclass=\"so-widget-sow-editor so-widget-sow-editor-base\"\n\t\t\t\n\t\t>\n<div class=\"siteorigin-widget-tinymce textwidget\">\n\t<h1 style=\"text-align: left;\"><em><strong>PREOCUPA\u00c7\u00c3O AMBIENTAL<br \/><\/strong><\/em><\/h1>\n<hr \/>\n<\/div>\n<\/div><\/div><\/div><\/div><\/div><div id=\"pg-22-5\"  class=\"panel-grid panel-has-style\" ><div class=\"panel-row-style panel-row-style-for-22-5\" ><div id=\"pgc-22-5-0\"  class=\"panel-grid-cell\" ><div id=\"panel-22-5-0-0\" class=\"so-panel widget widget_sow-editor panel-first-child panel-last-child\" data-index=\"9\" ><div\n\t\t\t\n\t\t\tclass=\"so-widget-sow-editor so-widget-sow-editor-base\"\n\t\t\t\n\t\t>\n<div class=\"siteorigin-widget-tinymce textwidget\">\n\t<blockquote>\n<p style=\"text-align: left;\"><em>Uma das principais preocupa\u00e7\u00f5es da Bar\u00e3o &amp; Costa \u00e9 com o meio ambiente, pelo que tem protocolos estabelecidos com as seguintes entidades:<\/em><\/p>\n<\/blockquote>\n<p><img decoding=\"async\" class=\"alignnone wp-image-871 alignleft\" src=\"http:\/\/www.baraoecosta.pt\/web\/wp-content\/uploads\/2018\/04\/AMARSUL_logo2png-150x150.png\" alt=\"\" width=\"200\" height=\"168\" srcset=\"https:\/\/www.baraoecosta.pt\/web\/wp-content\/uploads\/2018\/04\/AMARSUL_logo2png-300x253.png 300w, https:\/\/www.baraoecosta.pt\/web\/wp-content\/uploads\/2018\/04\/AMARSUL_logo2png.png 386w\" sizes=\"(max-width: 200px) 100vw, 200px\" \/><img fetchpriority=\"high\" fetchpriority=\"high\" decoding=\"async\" class=\"alignnone wp-image-882\" src=\"http:\/\/www.baraoecosta.pt\/web\/wp-content\/uploads\/2018\/04\/ECOPILHAS_LOGO-300x253.png\" alt=\"\" width=\"250\" height=\"210\" srcset=\"https:\/\/www.baraoecosta.pt\/web\/wp-content\/uploads\/2018\/04\/ECOPILHAS_LOGO-300x253.png 300w, https:\/\/www.baraoecosta.pt\/web\/wp-content\/uploads\/2018\/04\/ECOPILHAS_LOGO.png 386w\" sizes=\"(max-width: 250px) 100vw, 250px\" \/><\/p>\n<\/div>\n<\/div><\/div><\/div><\/div><\/div><div id=\"pg-22-6\"  class=\"panel-grid panel-has-style\" ><div class=\"panel-row-style panel-row-style-for-22-6\" ><div id=\"pgc-22-6-0\"  class=\"panel-grid-cell\" ><div id=\"panel-22-6-0-0\" class=\"so-panel widget widget_sow-editor panel-first-child panel-last-child\" data-index=\"10\" ><div class=\"panel-widget-style panel-widget-style-for-22-6-0-0\" ><div\n\t\t\t\n\t\t\tclass=\"so-widget-sow-editor so-widget-sow-editor-base\"\n\t\t\t\n\t\t>\n<div class=\"siteorigin-widget-tinymce textwidget\">\n\t<hr \/>\n<\/div>\n<\/div><\/div><\/div><\/div><\/div><\/div><\/div>","protected":false},"excerpt":{"rendered":"<p>PROJETOS E APOIOS<\/p>\n","protected":false},"author":1,"featured_media":0,"parent":11,"menu_order":0,"comment_status":"closed","ping_status":"closed","template":"","meta":{"generate_page_header":"","footnotes":""},"class_list":["post-22","page","type-page","status-publish"],"_links":{"self":[{"href":"https:\/\/www.baraoecosta.pt\/web\/wp-json\/wp\/v2\/pages\/22","targetHints":{"allow":["GET"]}}],"collection":[{"href":"https:\/\/www.baraoecosta.pt\/web\/wp-json\/wp\/v2\/pages"}],"about":[{"href":"https:\/\/www.baraoecosta.pt\/web\/wp-json\/wp\/v2\/types\/page"}],"author":[{"embeddable":true,"href":"https:\/\/www.baraoecosta.pt\/web\/wp-json\/wp\/v2\/users\/1"}],"replies":[{"embeddable":true,"href":"https:\/\/www.baraoecosta.pt\/web\/wp-json\/wp\/v2\/comments?post=22"}],"version-history":[{"count":42,"href":"https:\/\/www.baraoecosta.pt\/web\/wp-json\/wp\/v2\/pages\/22\/revisions"}],"predecessor-version":[{"id":1162,"href":"https:\/\/www.baraoecosta.pt\/web\/wp-json\/wp\/v2\/pages\/22\/revisions\/1162"}],"up":[{"embeddable":true,"href":"https:\/\/www.baraoecosta.pt\/web\/wp-json\/wp\/v2\/pages\/11"}],"wp:attachment":[{"href":"https:\/\/www.baraoecosta.pt\/web\/wp-json\/wp\/v2\/media?parent=22"}],"curies":[{"name":"wp","href":"https:\/\/api.w.org\/{rel}","templated":true}]}}