{"id":982,"date":"2018-04-07T15:21:03","date_gmt":"2018-04-07T15:21:03","guid":{"rendered":"http:\/\/www.baraoecosta.pt\/web\/?page_id=982"},"modified":"2022-11-29T12:28:06","modified_gmt":"2022-11-29T12:28:06","slug":"entidade-de-resolucao-alternativa-de-litigios-de-consumo","status":"publish","type":"page","link":"https:\/\/www.baraoecosta.pt\/web\/entidade-de-resolucao-alternativa-de-litigios-de-consumo\/","title":{"rendered":"Entidade de Resolu\u00e7\u00e3o Alternativa de Lit\u00edgios de Consumo"},"content":{"rendered":"<div id=\"pl-982\"  class=\"panel-layout\" ><div id=\"pg-982-0\"  class=\"panel-grid panel-has-style\" ><div class=\"siteorigin-panels-stretch panel-row-style panel-row-style-for-982-0\" data-stretch-type=\"full-stretched\" ><div id=\"pgc-982-0-0\"  class=\"panel-grid-cell\" ><div id=\"panel-982-0-0-0\" class=\"so-panel widget widget_sow-image panel-first-child panel-last-child\" data-index=\"0\" ><div\n\t\t\t\n\t\t\tclass=\"so-widget-sow-image so-widget-sow-image-default-8b5b6f678277-982\"\n\t\t\t\n\t\t>\n<div class=\"sow-image-container\">\n\t\t<img fetchpriority=\"high\" \n\tsrc=\"https:\/\/www.baraoecosta.pt\/web\/wp-content\/uploads\/2018\/04\/Banner_BaraoeCosta-1.jpg\" width=\"1903\" height=\"545\" srcset=\"https:\/\/www.baraoecosta.pt\/web\/wp-content\/uploads\/2018\/04\/Banner_BaraoeCosta-1.jpg 1903w, https:\/\/www.baraoecosta.pt\/web\/wp-content\/uploads\/2018\/04\/Banner_BaraoeCosta-1-300x86.jpg 300w, https:\/\/www.baraoecosta.pt\/web\/wp-content\/uploads\/2018\/04\/Banner_BaraoeCosta-1-768x220.jpg 768w, https:\/\/www.baraoecosta.pt\/web\/wp-content\/uploads\/2018\/04\/Banner_BaraoeCosta-1-1024x293.jpg 1024w\" sizes=\"(max-width: 1903px) 100vw, 1903px\" title=\"Banner_BaraoeCosta\" alt=\"\" \t\tclass=\"so-widget-image\"\/>\n\t<\/div>\n\n<\/div><\/div><\/div><\/div><\/div><div id=\"pg-982-1\"  class=\"panel-grid panel-no-style\" ><div id=\"pgc-982-1-0\"  class=\"panel-grid-cell\" ><div id=\"panel-982-1-0-0\" class=\"so-panel widget widget_sow-editor panel-first-child panel-last-child\" data-index=\"1\" ><div\n\t\t\t\n\t\t\tclass=\"so-widget-sow-editor so-widget-sow-editor-base\"\n\t\t\t\n\t\t>\n<div class=\"siteorigin-widget-tinymce textwidget\">\n\t<h1>Entidade de Resolu\u00e7\u00e3o Alternativa de Lit\u00edgios de Consumo<\/h1>\n<hr \/>\n<p>Nos termos da Lei n.\u00ba 144\/2015 de 8 de setembro, em caso de lit\u00edgio o consumidor pode recorrer a uma Entidade de Resolu\u00e7\u00e3o Alternativa de Lit\u00edgios de consumo:<\/p>\n<p><b>Centro de Arbitragem de Conflitos de Consumo de Lisboa<\/b><br \/>\nEndere\u00e7o Postal: Rua dos Douradores, 116, 2 \u00ba - 1100-207 LISBOA<\/p>\n<p>Tel: 218 807 030 \/ Fax: +351 218 807 038<br \/>\n<em>(Chamada para a rede fixa nacional)<\/em><\/p>\n<p>E-mail: <a href=\"mailto:juridico@centroarbitragemlisboa.pt\">juridico@centroarbitragemlisboa.pt<\/a><br \/>\n<a href=\"mailto:director@centroarbitragemlisboa.pt\">director@centroarbitragemlisboa.pt<\/a><br \/>\nWeb: <a href=\"http:\/\/www.centroarbitragemlisboa.pt\/\" target=\"_blank\" rel=\"noopener\">www.centroarbritagemlisboa.pt<\/a><\/p>\n<p>Mais informa\u00e7\u00f5es em Portal do Consumidor - <a href=\"http:\/\/www.consumidor.pt\" target=\"_blank\" rel=\"noopener\">www.consumidor.pt<\/a><\/p>\n<hr \/>\n<p>&nbsp;<\/p>\n<\/div>\n<\/div><\/div><\/div><\/div><\/div>","protected":false},"excerpt":{"rendered":"<p>Entidade de Resolu\u00e7\u00e3o Alternativa de Lit\u00edgios de Consumo Nos termos da Lei n.\u00ba 144\/2015 de 8 de setembro, em caso de lit\u00edgio o consumidor pode recorrer a uma Entidade de Resolu\u00e7\u00e3o Alternativa de Lit\u00edgios de consumo: Centro de Arbitragem de Conflitos de Consumo de Lisboa Endere\u00e7o Postal: Rua dos Douradores, 116, 2 \u00ba &#8211; 1100-207 &#8230; <a title=\"Entidade de Resolu\u00e7\u00e3o Alternativa de Lit\u00edgios de Consumo\" class=\"read-more\" href=\"https:\/\/www.baraoecosta.pt\/web\/entidade-de-resolucao-alternativa-de-litigios-de-consumo\/\" aria-label=\"Leia mais sobre Entidade de Resolu\u00e7\u00e3o Alternativa de Lit\u00edgios de Consumo\">Ler mais<\/a><\/p>\n","protected":false},"author":1,"featured_media":0,"parent":0,"menu_order":0,"comment_status":"closed","ping_status":"closed","template":"","meta":{"generate_page_header":"","footnotes":""},"class_list":["post-982","page","type-page","status-publish"],"_links":{"self":[{"href":"https:\/\/www.baraoecosta.pt\/web\/wp-json\/wp\/v2\/pages\/982","targetHints":{"allow":["GET"]}}],"collection":[{"href":"https:\/\/www.baraoecosta.pt\/web\/wp-json\/wp\/v2\/pages"}],"about":[{"href":"https:\/\/www.baraoecosta.pt\/web\/wp-json\/wp\/v2\/types\/page"}],"author":[{"embeddable":true,"href":"https:\/\/www.baraoecosta.pt\/web\/wp-json\/wp\/v2\/users\/1"}],"replies":[{"embeddable":true,"href":"https:\/\/www.baraoecosta.pt\/web\/wp-json\/wp\/v2\/comments?post=982"}],"version-history":[{"count":9,"href":"https:\/\/www.baraoecosta.pt\/web\/wp-json\/wp\/v2\/pages\/982\/revisions"}],"predecessor-version":[{"id":1307,"href":"https:\/\/www.baraoecosta.pt\/web\/wp-json\/wp\/v2\/pages\/982\/revisions\/1307"}],"wp:attachment":[{"href":"https:\/\/www.baraoecosta.pt\/web\/wp-json\/wp\/v2\/media?parent=982"}],"curies":[{"name":"wp","href":"https:\/\/api.w.org\/{rel}","templated":true}]}}